{"id":583,"date":"2025-04-21T14:15:20","date_gmt":"2025-04-21T14:15:20","guid":{"rendered":"https:\/\/manlio.fr\/?page_id=583"},"modified":"2025-05-30T08:09:38","modified_gmt":"2025-05-30T08:09:38","slug":"mentions-legales","status":"publish","type":"page","link":"https:\/\/manlio.fr\/en\/mentions-legales","title":{"rendered":"Mentions l\u00e9gales"},"content":{"rendered":"<div data-elementor-type=\"wp-page\" data-elementor-id=\"583\" class=\"elementor elementor-583\" data-elementor-post-type=\"page\">\n\t\t\t\t<div class=\"elementor-element elementor-element-abae835 e-flex e-con-boxed e-con e-parent\" data-id=\"abae835\" data-element_type=\"container\" data-e-type=\"container\">\n\t\t\t\t\t<div class=\"e-con-inner\">\n\t\t\t\t<div class=\"elementor-element elementor-element-085ced7 elementor-widget elementor-widget-text-editor\" data-id=\"085ced7\" data-element_type=\"widget\" data-e-type=\"widget\" data-widget_type=\"text-editor.default\">\n\t\t\t\t<div class=\"elementor-widget-container\">\n\t\t\t\t\t\t\t\t\t<h1>Mentions l\u00e9gales<\/h1><h2>\u00c9diteur du site<\/h2><p>Le pr\u00e9sent site est \u00e9dit\u00e9 par :<br \/><strong>Manlio \u2013 Pierre Close<\/strong><br \/>Micro-entreprise, immatricul\u00e9e au Registre des Auto-Entrepreneurs<br \/>SIREN : 849435375<br \/>Si\u00e8ge social : MANLIO 14 ROUTE DE BISCHWILLER, 67800 BISCHHEIM France<br \/>Email : <a href=\"mailto:contact@manlio.fr\">contact@manlio.fr<\/a><br \/>Directeur de la publication : Pierre Close<\/p><h2>H\u00e9bergement<\/h2><p>Le site est h\u00e9berg\u00e9 par :<br \/><strong>IONOS SARL<\/strong><br \/>7, place de la Gare \u2013 BP 70109<br \/>57201 Sarreguemines Cedex \u2013 France<br \/>T\u00e9l\u00e9phone : 0970 808 911<br \/>Site web : <a href=\"https:\/\/www.ionos.fr\" target=\"_blank\" rel=\"noopener\">https:\/\/www.ionos.fr<\/a><\/p><h2>Propri\u00e9t\u00e9 intellectuelle<\/h2><p>L\u2019ensemble des contenus pr\u00e9sents sur ce site (textes, images, graphismes, logo, vid\u00e9os, etc.) sont la propri\u00e9t\u00e9 exclusive de Manlio, sauf mention contraire.<br \/>Toute reproduction, distribution, modification, adaptation, retransmission ou publication, m\u00eame partielle, est strictement interdite sans l\u2019accord \u00e9crit pr\u00e9alable de l\u2019auteur.<\/p><h2>Donn\u00e9es personnelles<\/h2><p>Le site manlio.fr ne collecte des donn\u00e9es personnelles que dans le cadre strict de sa finalit\u00e9 (prise de contact, demande de devis, etc.).<br \/>Les donn\u00e9es transmises via les formulaires sont utilis\u00e9es uniquement pour r\u00e9pondre \u00e0 vos demandes et ne sont en aucun cas c\u00e9d\u00e9es \u00e0 des tiers.<br \/>Conform\u00e9ment \u00e0 la loi \u00ab Informatique et Libert\u00e9s \u00bb et au RGPD, vous disposez d\u2019un droit d\u2019acc\u00e8s, de rectification et de suppression des donn\u00e9es vous concernant.<br \/>Pour exercer ce droit, contactez : <a href=\"mailto:contact@manlio.fr\">contact@manlio.fr<\/a><\/p><h2>Cookies<\/h2><p>Le site peut utiliser des cookies \u00e0 des fins de mesure d\u2019audience ou pour am\u00e9liorer l\u2019exp\u00e9rience utilisateur.<br \/>Vous avez la possibilit\u00e9 de refuser ou de configurer l\u2019utilisation des cookies lors de votre premi\u00e8re visite sur le site.<\/p><h2>Responsabilit\u00e9<\/h2><p>Malgr\u00e9 le soin apport\u00e9 \u00e0 la r\u00e9daction et \u00e0 la mise \u00e0 jour des contenus, l\u2019\u00e9diteur ne saurait \u00eatre tenu responsable d\u2019erreurs, d\u2019omissions ou de probl\u00e8mes techniques rencontr\u00e9s sur le site.<br \/>L\u2019utilisateur reste seul responsable de l\u2019usage qu\u2019il fait des informations disponibles sur manlio.fr.<\/p>\t\t\t\t\t\t\t\t<\/div>\n\t\t\t\t<\/div>\n\t\t\t\t\t<\/div>\n\t\t\t\t<\/div>\n\t\t\t\t<\/div>","protected":false},"excerpt":{"rendered":"<p>Mentions l\u00e9gales \u00c9diteur du site Le pr\u00e9sent site est \u00e9dit\u00e9 par :Manlio \u2013 Pierre CloseMicro-entreprise, immatricul\u00e9e au Registre des Auto-EntrepreneursSIREN : 849435375Si\u00e8ge social : MANLIO 14 ROUTE DE BISCHWILLER, 67800 BISCHHEIM FranceEmail : contact@manlio.frDirecteur de la publication : Pierre Close H\u00e9bergement Le site est h\u00e9berg\u00e9 par :IONOS SARL7, place de la Gare \u2013 BP 7010957201 [&hellip;]<\/p>\n","protected":false},"author":1,"featured_media":0,"parent":0,"menu_order":0,"comment_status":"closed","ping_status":"closed","template":"","meta":{"footnotes":""},"class_list":["post-583","page","type-page","status-publish","hentry"],"yoast_head":"<!-- This site is optimized with the Yoast SEO plugin v27.4 - https:\/\/yoast.com\/product\/yoast-seo-wordpress\/ -->\n<title>Mentions l\u00e9gales - Manlio<\/title>\n<meta name=\"robots\" content=\"noindex, nofollow\" \/>\n<meta property=\"og:locale\" content=\"en_US\" \/>\n<meta property=\"og:type\" content=\"article\" \/>\n<meta property=\"og:title\" content=\"Mentions l\u00e9gales - Manlio\" \/>\n<meta property=\"og:description\" content=\"Mentions l\u00e9gales \u00c9diteur du site Le pr\u00e9sent site est \u00e9dit\u00e9 par :Manlio \u2013 Pierre CloseMicro-entreprise, immatricul\u00e9e au Registre des Auto-EntrepreneursSIREN : 849435375Si\u00e8ge social : MANLIO 14 ROUTE DE BISCHWILLER, 67800 BISCHHEIM FranceEmail : contact@manlio.frDirecteur de la publication : Pierre Close H\u00e9bergement Le site est h\u00e9berg\u00e9 par :IONOS SARL7, place de la Gare \u2013 BP 7010957201 [&hellip;]\" \/>\n<meta property=\"og:url\" content=\"https:\/\/manlio.fr\/en\/mentions-legales\/\" \/>\n<meta property=\"og:site_name\" content=\"Manlio\" \/>\n<meta property=\"article:modified_time\" content=\"2025-05-30T08:09:38+00:00\" \/>\n<meta property=\"og:image\" content=\"https:\/\/manlio.fr\/wp-content\/uploads\/2025\/10\/image-du-site-manlio-agence-creative-strategique.jpg\" \/>\n\t<meta property=\"og:image:width\" content=\"1200\" \/>\n\t<meta property=\"og:image:height\" content=\"675\" \/>\n\t<meta property=\"og:image:type\" content=\"image\/jpeg\" \/>\n<meta name=\"twitter:card\" content=\"summary_large_image\" \/>\n<meta name=\"twitter:label1\" content=\"Est. reading time\" \/>\n\t<meta name=\"twitter:data1\" content=\"2 minutes\" \/>\n<script type=\"application\/ld+json\" class=\"yoast-schema-graph\">{\"@context\":\"https:\\\/\\\/schema.org\",\"@graph\":[{\"@type\":\"WebPage\",\"@id\":\"https:\\\/\\\/manlio.fr\\\/mentions-legales\",\"url\":\"https:\\\/\\\/manlio.fr\\\/mentions-legales\",\"name\":\"Mentions l\u00e9gales - Manlio\",\"isPartOf\":{\"@id\":\"https:\\\/\\\/manlio.fr\\\/#website\"},\"datePublished\":\"2025-04-21T14:15:20+00:00\",\"dateModified\":\"2025-05-30T08:09:38+00:00\",\"breadcrumb\":{\"@id\":\"https:\\\/\\\/manlio.fr\\\/mentions-legales#breadcrumb\"},\"inLanguage\":\"en-US\",\"potentialAction\":[{\"@type\":\"ReadAction\",\"target\":[\"https:\\\/\\\/manlio.fr\\\/mentions-legales\"]}]},{\"@type\":\"BreadcrumbList\",\"@id\":\"https:\\\/\\\/manlio.fr\\\/mentions-legales#breadcrumb\",\"itemListElement\":[{\"@type\":\"ListItem\",\"position\":1,\"name\":\"Accueil\",\"item\":\"https:\\\/\\\/manlio.fr\\\/\"},{\"@type\":\"ListItem\",\"position\":2,\"name\":\"Mentions l\u00e9gales\"}]},{\"@type\":\"WebSite\",\"@id\":\"https:\\\/\\\/manlio.fr\\\/#website\",\"url\":\"https:\\\/\\\/manlio.fr\\\/\",\"name\":\"Manlio\",\"description\":\"Agence cr\u00e9ative\",\"publisher\":{\"@id\":\"https:\\\/\\\/manlio.fr\\\/#organization\"},\"potentialAction\":[{\"@type\":\"SearchAction\",\"target\":{\"@type\":\"EntryPoint\",\"urlTemplate\":\"https:\\\/\\\/manlio.fr\\\/?s={search_term_string}\"},\"query-input\":{\"@type\":\"PropertyValueSpecification\",\"valueRequired\":true,\"valueName\":\"search_term_string\"}}],\"inLanguage\":\"en-US\"},{\"@type\":\"Organization\",\"@id\":\"https:\\\/\\\/manlio.fr\\\/#organization\",\"name\":\"Agence Manlio\",\"alternateName\":\"Manlio\",\"url\":\"https:\\\/\\\/manlio.fr\\\/\",\"logo\":{\"@type\":\"ImageObject\",\"inLanguage\":\"en-US\",\"@id\":\"https:\\\/\\\/manlio.fr\\\/#\\\/schema\\\/logo\\\/image\\\/\",\"url\":\"https:\\\/\\\/manlio.fr\\\/wp-content\\\/uploads\\\/2025\\\/03\\\/logo.svg\",\"contentUrl\":\"https:\\\/\\\/manlio.fr\\\/wp-content\\\/uploads\\\/2025\\\/03\\\/logo.svg\",\"width\":192,\"height\":65,\"caption\":\"Agence Manlio\"},\"image\":{\"@id\":\"https:\\\/\\\/manlio.fr\\\/#\\\/schema\\\/logo\\\/image\\\/\"},\"sameAs\":[\"https:\\\/\\\/www.instagram.com\\\/manlio.fr\\\/\",\"https:\\\/\\\/www.linkedin.com\\\/company\\\/manlio\\\/\"]}]}<\/script>\n<!-- \/ Yoast SEO plugin. -->","yoast_head_json":{"title":"Mentions l\u00e9gales - Manlio","robots":{"index":"noindex","follow":"nofollow"},"og_locale":"en_US","og_type":"article","og_title":"Mentions l\u00e9gales - Manlio","og_description":"Mentions l\u00e9gales \u00c9diteur du site Le pr\u00e9sent site est \u00e9dit\u00e9 par :Manlio \u2013 Pierre CloseMicro-entreprise, immatricul\u00e9e au Registre des Auto-EntrepreneursSIREN : 849435375Si\u00e8ge social : MANLIO 14 ROUTE DE BISCHWILLER, 67800 BISCHHEIM FranceEmail : contact@manlio.frDirecteur de la publication : Pierre Close H\u00e9bergement Le site est h\u00e9berg\u00e9 par :IONOS SARL7, place de la Gare \u2013 BP 7010957201 [&hellip;]","og_url":"https:\/\/manlio.fr\/en\/mentions-legales\/","og_site_name":"Manlio","article_modified_time":"2025-05-30T08:09:38+00:00","og_image":[{"width":1200,"height":675,"url":"https:\/\/manlio.fr\/wp-content\/uploads\/2025\/10\/image-du-site-manlio-agence-creative-strategique.jpg","type":"image\/jpeg"}],"twitter_card":"summary_large_image","twitter_misc":{"Est. reading time":"2 minutes"},"schema":{"@context":"https:\/\/schema.org","@graph":[{"@type":"WebPage","@id":"https:\/\/manlio.fr\/mentions-legales","url":"https:\/\/manlio.fr\/mentions-legales","name":"Mentions l\u00e9gales - Manlio","isPartOf":{"@id":"https:\/\/manlio.fr\/#website"},"datePublished":"2025-04-21T14:15:20+00:00","dateModified":"2025-05-30T08:09:38+00:00","breadcrumb":{"@id":"https:\/\/manlio.fr\/mentions-legales#breadcrumb"},"inLanguage":"en-US","potentialAction":[{"@type":"ReadAction","target":["https:\/\/manlio.fr\/mentions-legales"]}]},{"@type":"BreadcrumbList","@id":"https:\/\/manlio.fr\/mentions-legales#breadcrumb","itemListElement":[{"@type":"ListItem","position":1,"name":"Accueil","item":"https:\/\/manlio.fr\/"},{"@type":"ListItem","position":2,"name":"Mentions l\u00e9gales"}]},{"@type":"WebSite","@id":"https:\/\/manlio.fr\/#website","url":"https:\/\/manlio.fr\/","name":"Manlio","description":"Agence cr\u00e9ative","publisher":{"@id":"https:\/\/manlio.fr\/#organization"},"potentialAction":[{"@type":"SearchAction","target":{"@type":"EntryPoint","urlTemplate":"https:\/\/manlio.fr\/?s={search_term_string}"},"query-input":{"@type":"PropertyValueSpecification","valueRequired":true,"valueName":"search_term_string"}}],"inLanguage":"en-US"},{"@type":"Organization","@id":"https:\/\/manlio.fr\/#organization","name":"Agence Manlio","alternateName":"Manlio","url":"https:\/\/manlio.fr\/","logo":{"@type":"ImageObject","inLanguage":"en-US","@id":"https:\/\/manlio.fr\/#\/schema\/logo\/image\/","url":"https:\/\/manlio.fr\/wp-content\/uploads\/2025\/03\/logo.svg","contentUrl":"https:\/\/manlio.fr\/wp-content\/uploads\/2025\/03\/logo.svg","width":192,"height":65,"caption":"Agence Manlio"},"image":{"@id":"https:\/\/manlio.fr\/#\/schema\/logo\/image\/"},"sameAs":["https:\/\/www.instagram.com\/manlio.fr\/","https:\/\/www.linkedin.com\/company\/manlio\/"]}]}},"_links":{"self":[{"href":"https:\/\/manlio.fr\/en\/wp-json\/wp\/v2\/pages\/583","targetHints":{"allow":["GET"]}}],"collection":[{"href":"https:\/\/manlio.fr\/en\/wp-json\/wp\/v2\/pages"}],"about":[{"href":"https:\/\/manlio.fr\/en\/wp-json\/wp\/v2\/types\/page"}],"author":[{"embeddable":true,"href":"https:\/\/manlio.fr\/en\/wp-json\/wp\/v2\/users\/1"}],"replies":[{"embeddable":true,"href":"https:\/\/manlio.fr\/en\/wp-json\/wp\/v2\/comments?post=583"}],"version-history":[{"count":4,"href":"https:\/\/manlio.fr\/en\/wp-json\/wp\/v2\/pages\/583\/revisions"}],"predecessor-version":[{"id":1072,"href":"https:\/\/manlio.fr\/en\/wp-json\/wp\/v2\/pages\/583\/revisions\/1072"}],"wp:attachment":[{"href":"https:\/\/manlio.fr\/en\/wp-json\/wp\/v2\/media?parent=583"}],"curies":[{"name":"wp","href":"https:\/\/api.w.org\/{rel}","templated":true}]}}