{"id":88,"date":"2025-03-07T17:03:16","date_gmt":"2025-03-07T17:03:16","guid":{"rendered":"https:\/\/manlio.fr\/?page_id=88"},"modified":"2025-11-04T10:39:38","modified_gmt":"2025-11-04T10:39:38","slug":"a-propos","status":"publish","type":"page","link":"https:\/\/manlio.fr\/en\/a-propos","title":{"rendered":"\u00c0 propos"},"content":{"rendered":"<div data-elementor-type=\"wp-page\" data-elementor-id=\"88\" class=\"elementor elementor-88\" data-elementor-post-type=\"page\">\n\t\t\t\t<div class=\"elementor-element elementor-element-a6af5f2 e-flex e-con-boxed e-con e-parent\" data-id=\"a6af5f2\" data-element_type=\"container\" data-e-type=\"container\">\n\t\t\t\t\t<div class=\"e-con-inner\">\n\t\t\t\t<div class=\"elementor-element elementor-element-6896ec7 elementor-widget elementor-widget-image\" data-id=\"6896ec7\" data-element_type=\"widget\" data-e-type=\"widget\" data-widget_type=\"image.default\">\n\t\t\t\t<div class=\"elementor-widget-container\">\n\t\t\t\t\t\t\t\t\t\t\t\t\t\t\t<img fetchpriority=\"high\" decoding=\"async\" width=\"800\" height=\"800\" src=\"https:\/\/manlio.fr\/wp-content\/uploads\/2025\/05\/IMG_0957-Copy-Copy-2-1024x1024.jpg\" class=\"attachment-large size-large wp-image-720\" alt=\"\" srcset=\"https:\/\/manlio.fr\/wp-content\/uploads\/2025\/05\/IMG_0957-Copy-Copy-2-1024x1024.jpg 1024w, https:\/\/manlio.fr\/wp-content\/uploads\/2025\/05\/IMG_0957-Copy-Copy-2-300x300.jpg 300w, https:\/\/manlio.fr\/wp-content\/uploads\/2025\/05\/IMG_0957-Copy-Copy-2-150x150.jpg 150w, https:\/\/manlio.fr\/wp-content\/uploads\/2025\/05\/IMG_0957-Copy-Copy-2-768x768.jpg 768w, https:\/\/manlio.fr\/wp-content\/uploads\/2025\/05\/IMG_0957-Copy-Copy-2.jpg 1411w\" sizes=\"(max-width: 800px) 100vw, 800px\" \/>\t\t\t\t\t\t\t\t\t\t\t\t\t\t\t<\/div>\n\t\t\t\t<\/div>\n\t\t\t\t<div class=\"elementor-element elementor-element-b292ed5 elementor-widget elementor-widget-heading\" data-id=\"b292ed5\" data-element_type=\"widget\" data-e-type=\"widget\" data-widget_type=\"heading.default\">\n\t\t\t\t<div class=\"elementor-widget-container\">\n\t\t\t\t\t<h2 class=\"elementor-heading-title elementor-size-default\">A propos de moi<\/h2>\t\t\t\t<\/div>\n\t\t\t\t<\/div>\n\t\t\t\t<div class=\"elementor-element elementor-element-a92cff6 elementor-widget elementor-widget-text-editor\" data-id=\"a92cff6\" data-element_type=\"widget\" data-e-type=\"widget\" data-widget_type=\"text-editor.default\">\n\t\t\t\t<div class=\"elementor-widget-container\">\n\t\t\t\t\t\t\t\t\t<p>J\u2019ai cr\u00e9\u00e9 Manlio pour b\u00e2tir quelque chose qui me d\u00e9passe : une vision, une exigence, et des valeurs autour desquelles se rassemblent des talents engag\u00e9s et des clients port\u00e9s par la m\u00eame ambition.<br data-start=\"1213\" data-end=\"1216\" \/>Je m\u2019\u00e9panouis pleinement dans les projets qui me challengent, ceux qui m\u2019invitent \u00e0 mobiliser toute mon exp\u00e9rience, mon intuition et mes outils pour r\u00e9v\u00e9ler ce qu\u2019une marque a de plus singulier.<br data-start=\"1412\" data-end=\"1415\" \/>Je crois au pouvoir d\u2019un site et d\u2019une identit\u00e9 forte : quand tout est juste et align\u00e9, l\u2019impact est imm\u00e9diat, durable, et ouvre un nouveau chapitre pour l\u2019entreprise.<\/p><p>\u2014 Pierre, cr\u00e9ateur de Manlio<\/p>\t\t\t\t\t\t\t\t<\/div>\n\t\t\t\t<\/div>\n\t\t\t\t<div class=\"elementor-element elementor-element-6c53956 elementor-widget elementor-widget-button\" data-id=\"6c53956\" data-element_type=\"widget\" data-e-type=\"widget\" data-widget_type=\"button.default\">\n\t\t\t\t<div class=\"elementor-widget-container\">\n\t\t\t\t\t\t\t\t\t<div class=\"elementor-button-wrapper\">\n\t\t\t\t\t<a class=\"elementor-button elementor-button-link elementor-size-sm\" href=\"#elementor-action%3Aaction%3Dpopup%3Aopen%26settings%3DeyJpZCI6IjEzNTIiLCJ0b2dnbGUiOmZhbHNlfQ%3D%3D\">\n\t\t\t\t\t\t<span class=\"elementor-button-content-wrapper\">\n\t\t\t\t\t\t\t\t\t<span class=\"elementor-button-text\">Cliquez ici<\/span>\n\t\t\t\t\t<\/span>\n\t\t\t\t\t<\/a>\n\t\t\t\t<\/div>\n\t\t\t\t\t\t\t\t<\/div>\n\t\t\t\t<\/div>\n\t\t\t\t\t<\/div>\n\t\t\t\t<\/div>\n\t\t\t\t<\/div>","protected":false},"excerpt":{"rendered":"<p>A propos de moi J\u2019ai cr\u00e9\u00e9 Manlio pour b\u00e2tir quelque chose qui me d\u00e9passe : une vision, une exigence, et des valeurs autour desquelles se rassemblent des talents engag\u00e9s et des clients port\u00e9s par la m\u00eame ambition.Je m\u2019\u00e9panouis pleinement dans les projets qui me challengent, ceux qui m\u2019invitent \u00e0 mobiliser toute mon exp\u00e9rience, mon intuition [&hellip;]<\/p>\n","protected":false},"author":1,"featured_media":0,"parent":0,"menu_order":0,"comment_status":"closed","ping_status":"closed","template":"","meta":{"footnotes":""},"class_list":["post-88","page","type-page","status-publish","hentry"],"yoast_head":"<!-- This site is optimized with the Yoast SEO plugin v27.4 - https:\/\/yoast.com\/product\/yoast-seo-wordpress\/ -->\n<title>\u00c0 propos - Manlio<\/title>\n<meta name=\"robots\" content=\"index, follow, max-snippet:-1, max-image-preview:large, max-video-preview:-1\" \/>\n<link rel=\"canonical\" href=\"https:\/\/manlio.fr\/en\/a-propos\/\" \/>\n<meta property=\"og:locale\" content=\"en_US\" \/>\n<meta property=\"og:type\" content=\"article\" \/>\n<meta property=\"og:title\" content=\"\u00c0 propos - Manlio\" \/>\n<meta property=\"og:description\" content=\"A propos de moi J\u2019ai cr\u00e9\u00e9 Manlio pour b\u00e2tir quelque chose qui me d\u00e9passe : une vision, une exigence, et des valeurs autour desquelles se rassemblent des talents engag\u00e9s et des clients port\u00e9s par la m\u00eame ambition.Je m\u2019\u00e9panouis pleinement dans les projets qui me challengent, ceux qui m\u2019invitent \u00e0 mobiliser toute mon exp\u00e9rience, mon intuition [&hellip;]\" \/>\n<meta property=\"og:url\" content=\"https:\/\/manlio.fr\/en\/a-propos\/\" \/>\n<meta property=\"og:site_name\" content=\"Manlio\" \/>\n<meta property=\"article:modified_time\" content=\"2025-11-04T10:39:38+00:00\" \/>\n<meta property=\"og:image\" content=\"https:\/\/manlio.fr\/wp-content\/uploads\/2025\/05\/IMG_0957-Copy-Copy-2.jpg\" \/>\n\t<meta property=\"og:image:width\" content=\"1411\" \/>\n\t<meta property=\"og:image:height\" content=\"1411\" \/>\n\t<meta property=\"og:image:type\" content=\"image\/jpeg\" \/>\n<meta name=\"twitter:card\" content=\"summary_large_image\" \/>\n<meta name=\"twitter:label1\" content=\"Est. reading time\" \/>\n\t<meta name=\"twitter:data1\" content=\"1 minute\" \/>\n<script type=\"application\/ld+json\" class=\"yoast-schema-graph\">{\"@context\":\"https:\\\/\\\/schema.org\",\"@graph\":[{\"@type\":\"WebPage\",\"@id\":\"https:\\\/\\\/manlio.fr\\\/a-propos\",\"url\":\"https:\\\/\\\/manlio.fr\\\/a-propos\",\"name\":\"\u00c0 propos - Manlio\",\"isPartOf\":{\"@id\":\"https:\\\/\\\/manlio.fr\\\/#website\"},\"primaryImageOfPage\":{\"@id\":\"https:\\\/\\\/manlio.fr\\\/a-propos#primaryimage\"},\"image\":{\"@id\":\"https:\\\/\\\/manlio.fr\\\/a-propos#primaryimage\"},\"thumbnailUrl\":\"https:\\\/\\\/manlio.fr\\\/wp-content\\\/uploads\\\/2025\\\/05\\\/IMG_0957-Copy-Copy-2-1024x1024.jpg\",\"datePublished\":\"2025-03-07T17:03:16+00:00\",\"dateModified\":\"2025-11-04T10:39:38+00:00\",\"breadcrumb\":{\"@id\":\"https:\\\/\\\/manlio.fr\\\/a-propos#breadcrumb\"},\"inLanguage\":\"en-US\",\"potentialAction\":[{\"@type\":\"ReadAction\",\"target\":[\"https:\\\/\\\/manlio.fr\\\/a-propos\"]}]},{\"@type\":\"ImageObject\",\"inLanguage\":\"en-US\",\"@id\":\"https:\\\/\\\/manlio.fr\\\/a-propos#primaryimage\",\"url\":\"https:\\\/\\\/manlio.fr\\\/wp-content\\\/uploads\\\/2025\\\/05\\\/IMG_0957-Copy-Copy-2-1024x1024.jpg\",\"contentUrl\":\"https:\\\/\\\/manlio.fr\\\/wp-content\\\/uploads\\\/2025\\\/05\\\/IMG_0957-Copy-Copy-2-1024x1024.jpg\"},{\"@type\":\"BreadcrumbList\",\"@id\":\"https:\\\/\\\/manlio.fr\\\/a-propos#breadcrumb\",\"itemListElement\":[{\"@type\":\"ListItem\",\"position\":1,\"name\":\"Accueil\",\"item\":\"https:\\\/\\\/manlio.fr\\\/\"},{\"@type\":\"ListItem\",\"position\":2,\"name\":\"\u00c0 propos\"}]},{\"@type\":\"WebSite\",\"@id\":\"https:\\\/\\\/manlio.fr\\\/#website\",\"url\":\"https:\\\/\\\/manlio.fr\\\/\",\"name\":\"Manlio\",\"description\":\"Agence cr\u00e9ative\",\"publisher\":{\"@id\":\"https:\\\/\\\/manlio.fr\\\/#organization\"},\"potentialAction\":[{\"@type\":\"SearchAction\",\"target\":{\"@type\":\"EntryPoint\",\"urlTemplate\":\"https:\\\/\\\/manlio.fr\\\/?s={search_term_string}\"},\"query-input\":{\"@type\":\"PropertyValueSpecification\",\"valueRequired\":true,\"valueName\":\"search_term_string\"}}],\"inLanguage\":\"en-US\"},{\"@type\":\"Organization\",\"@id\":\"https:\\\/\\\/manlio.fr\\\/#organization\",\"name\":\"Agence Manlio\",\"alternateName\":\"Manlio\",\"url\":\"https:\\\/\\\/manlio.fr\\\/\",\"logo\":{\"@type\":\"ImageObject\",\"inLanguage\":\"en-US\",\"@id\":\"https:\\\/\\\/manlio.fr\\\/#\\\/schema\\\/logo\\\/image\\\/\",\"url\":\"https:\\\/\\\/manlio.fr\\\/wp-content\\\/uploads\\\/2025\\\/03\\\/logo.svg\",\"contentUrl\":\"https:\\\/\\\/manlio.fr\\\/wp-content\\\/uploads\\\/2025\\\/03\\\/logo.svg\",\"width\":192,\"height\":65,\"caption\":\"Agence Manlio\"},\"image\":{\"@id\":\"https:\\\/\\\/manlio.fr\\\/#\\\/schema\\\/logo\\\/image\\\/\"},\"sameAs\":[\"https:\\\/\\\/www.instagram.com\\\/manlio.fr\\\/\",\"https:\\\/\\\/www.linkedin.com\\\/company\\\/manlio\\\/\"]}]}<\/script>\n<!-- \/ Yoast SEO plugin. -->","yoast_head_json":{"title":"\u00c0 propos - Manlio","robots":{"index":"index","follow":"follow","max-snippet":"max-snippet:-1","max-image-preview":"max-image-preview:large","max-video-preview":"max-video-preview:-1"},"canonical":"https:\/\/manlio.fr\/en\/a-propos\/","og_locale":"en_US","og_type":"article","og_title":"\u00c0 propos - Manlio","og_description":"A propos de moi J\u2019ai cr\u00e9\u00e9 Manlio pour b\u00e2tir quelque chose qui me d\u00e9passe : une vision, une exigence, et des valeurs autour desquelles se rassemblent des talents engag\u00e9s et des clients port\u00e9s par la m\u00eame ambition.Je m\u2019\u00e9panouis pleinement dans les projets qui me challengent, ceux qui m\u2019invitent \u00e0 mobiliser toute mon exp\u00e9rience, mon intuition [&hellip;]","og_url":"https:\/\/manlio.fr\/en\/a-propos\/","og_site_name":"Manlio","article_modified_time":"2025-11-04T10:39:38+00:00","og_image":[{"width":1411,"height":1411,"url":"https:\/\/manlio.fr\/wp-content\/uploads\/2025\/05\/IMG_0957-Copy-Copy-2.jpg","type":"image\/jpeg"}],"twitter_card":"summary_large_image","twitter_misc":{"Est. reading time":"1 minute"},"schema":{"@context":"https:\/\/schema.org","@graph":[{"@type":"WebPage","@id":"https:\/\/manlio.fr\/a-propos","url":"https:\/\/manlio.fr\/a-propos","name":"\u00c0 propos - Manlio","isPartOf":{"@id":"https:\/\/manlio.fr\/#website"},"primaryImageOfPage":{"@id":"https:\/\/manlio.fr\/a-propos#primaryimage"},"image":{"@id":"https:\/\/manlio.fr\/a-propos#primaryimage"},"thumbnailUrl":"https:\/\/manlio.fr\/wp-content\/uploads\/2025\/05\/IMG_0957-Copy-Copy-2-1024x1024.jpg","datePublished":"2025-03-07T17:03:16+00:00","dateModified":"2025-11-04T10:39:38+00:00","breadcrumb":{"@id":"https:\/\/manlio.fr\/a-propos#breadcrumb"},"inLanguage":"en-US","potentialAction":[{"@type":"ReadAction","target":["https:\/\/manlio.fr\/a-propos"]}]},{"@type":"ImageObject","inLanguage":"en-US","@id":"https:\/\/manlio.fr\/a-propos#primaryimage","url":"https:\/\/manlio.fr\/wp-content\/uploads\/2025\/05\/IMG_0957-Copy-Copy-2-1024x1024.jpg","contentUrl":"https:\/\/manlio.fr\/wp-content\/uploads\/2025\/05\/IMG_0957-Copy-Copy-2-1024x1024.jpg"},{"@type":"BreadcrumbList","@id":"https:\/\/manlio.fr\/a-propos#breadcrumb","itemListElement":[{"@type":"ListItem","position":1,"name":"Accueil","item":"https:\/\/manlio.fr\/"},{"@type":"ListItem","position":2,"name":"\u00c0 propos"}]},{"@type":"WebSite","@id":"https:\/\/manlio.fr\/#website","url":"https:\/\/manlio.fr\/","name":"Manlio","description":"Agence cr\u00e9ative","publisher":{"@id":"https:\/\/manlio.fr\/#organization"},"potentialAction":[{"@type":"SearchAction","target":{"@type":"EntryPoint","urlTemplate":"https:\/\/manlio.fr\/?s={search_term_string}"},"query-input":{"@type":"PropertyValueSpecification","valueRequired":true,"valueName":"search_term_string"}}],"inLanguage":"en-US"},{"@type":"Organization","@id":"https:\/\/manlio.fr\/#organization","name":"Agence Manlio","alternateName":"Manlio","url":"https:\/\/manlio.fr\/","logo":{"@type":"ImageObject","inLanguage":"en-US","@id":"https:\/\/manlio.fr\/#\/schema\/logo\/image\/","url":"https:\/\/manlio.fr\/wp-content\/uploads\/2025\/03\/logo.svg","contentUrl":"https:\/\/manlio.fr\/wp-content\/uploads\/2025\/03\/logo.svg","width":192,"height":65,"caption":"Agence Manlio"},"image":{"@id":"https:\/\/manlio.fr\/#\/schema\/logo\/image\/"},"sameAs":["https:\/\/www.instagram.com\/manlio.fr\/","https:\/\/www.linkedin.com\/company\/manlio\/"]}]}},"_links":{"self":[{"href":"https:\/\/manlio.fr\/en\/wp-json\/wp\/v2\/pages\/88","targetHints":{"allow":["GET"]}}],"collection":[{"href":"https:\/\/manlio.fr\/en\/wp-json\/wp\/v2\/pages"}],"about":[{"href":"https:\/\/manlio.fr\/en\/wp-json\/wp\/v2\/types\/page"}],"author":[{"embeddable":true,"href":"https:\/\/manlio.fr\/en\/wp-json\/wp\/v2\/users\/1"}],"replies":[{"embeddable":true,"href":"https:\/\/manlio.fr\/en\/wp-json\/wp\/v2\/comments?post=88"}],"version-history":[{"count":13,"href":"https:\/\/manlio.fr\/en\/wp-json\/wp\/v2\/pages\/88\/revisions"}],"predecessor-version":[{"id":1357,"href":"https:\/\/manlio.fr\/en\/wp-json\/wp\/v2\/pages\/88\/revisions\/1357"}],"wp:attachment":[{"href":"https:\/\/manlio.fr\/en\/wp-json\/wp\/v2\/media?parent=88"}],"curies":[{"name":"wp","href":"https:\/\/api.w.org\/{rel}","templated":true}]}}